{"id":6992,"date":"2022-03-28T11:20:44","date_gmt":"2022-03-28T09:20:44","guid":{"rendered":"https:\/\/aluscreen.be\/product\/pictogrammen\/"},"modified":"2026-03-05T15:34:48","modified_gmt":"2026-03-05T13:34:48","slug":"pictogrammes","status":"publish","type":"product","link":"https:\/\/aluscreen.be\/fr\/produits\/pictogrammes\/","title":{"rendered":"Pictogrammes"},"featured_media":0,"template":"","product_tag":[33],"class_list":["post-6992","product","type-product","status-publish","hentry","product_tag-industrie"],"acf":[],"yoast_head":"<!-- This site is optimized with the Yoast SEO plugin v27.3 - https:\/\/yoast.com\/product\/yoast-seo-wordpress\/ -->\n<title>Pictogrammes et signalisation de s\u00e9curit\u00e9 | Aluscreen<\/title>\n<meta name=\"description\" content=\"Pictogrammes clairs conformes \u00e0 la norme ISO 7010 pour une s\u00e9curit\u00e9 maximale. Commandez d\u00e8s aujourd&#039;hui et recevez rapidement votre signalisation conforme.\" \/>\n<meta name=\"robots\" content=\"index, follow, max-snippet:-1, max-image-preview:large, max-video-preview:-1\" \/>\n<link rel=\"canonical\" href=\"https:\/\/aluscreen.be\/fr\/produits\/pictogrammes\/\" \/>\n<meta property=\"og:locale\" content=\"fr_FR\" \/>\n<meta property=\"og:type\" content=\"article\" \/>\n<meta property=\"og:title\" content=\"Pictogrammes et signalisation de s\u00e9curit\u00e9 | Aluscreen\" \/>\n<meta property=\"og:description\" content=\"Pictogrammes clairs conformes \u00e0 la norme ISO 7010 pour une s\u00e9curit\u00e9 maximale. Commandez d\u00e8s aujourd&#039;hui et recevez rapidement votre signalisation conforme.\" \/>\n<meta property=\"og:url\" content=\"https:\/\/aluscreen.be\/fr\/produits\/pictogrammes\/\" \/>\n<meta property=\"og:site_name\" content=\"Aluscreen\" \/>\n<meta property=\"article:publisher\" content=\"https:\/\/www.facebook.com\/aluscreen.be\" \/>\n<meta property=\"article:modified_time\" content=\"2026-03-05T13:34:48+00:00\" \/>\n<meta name=\"twitter:card\" content=\"summary_large_image\" \/>\n<meta name=\"twitter:label1\" content=\"Dur\u00e9e de lecture est.\" \/>\n\t<meta name=\"twitter:data1\" content=\"5 minutes\" \/>\n<script type=\"application\/ld+json\" class=\"yoast-schema-graph\">{\"@context\":\"https:\\\/\\\/schema.org\",\"@graph\":[{\"@type\":\"WebPage\",\"@id\":\"https:\\\/\\\/aluscreen.be\\\/fr\\\/produits\\\/pictogrammes\\\/\",\"url\":\"https:\\\/\\\/aluscreen.be\\\/fr\\\/produits\\\/pictogrammes\\\/\",\"name\":\"Pictogrammes et signalisation de s\u00e9curit\u00e9 | Aluscreen\",\"isPartOf\":{\"@id\":\"https:\\\/\\\/aluscreen.be\\\/fr\\\/#website\"},\"datePublished\":\"2022-03-28T09:20:44+00:00\",\"dateModified\":\"2026-03-05T13:34:48+00:00\",\"description\":\"Pictogrammes clairs conformes \u00e0 la norme ISO 7010 pour une s\u00e9curit\u00e9 maximale. Commandez d\u00e8s aujourd'hui et recevez rapidement votre signalisation conforme.\",\"breadcrumb\":{\"@id\":\"https:\\\/\\\/aluscreen.be\\\/fr\\\/produits\\\/pictogrammes\\\/#breadcrumb\"},\"inLanguage\":\"fr-BE\",\"potentialAction\":[{\"@type\":\"ReadAction\",\"target\":[\"https:\\\/\\\/aluscreen.be\\\/fr\\\/produits\\\/pictogrammes\\\/\"]}]},{\"@type\":\"BreadcrumbList\",\"@id\":\"https:\\\/\\\/aluscreen.be\\\/fr\\\/produits\\\/pictogrammes\\\/#breadcrumb\",\"itemListElement\":[{\"@type\":\"ListItem\",\"position\":1,\"name\":\"Home\",\"item\":\"https:\\\/\\\/aluscreen.be\\\/fr\\\/home\\\/\"},{\"@type\":\"ListItem\",\"position\":2,\"name\":\"Pictogrammes\"}]},{\"@type\":\"WebSite\",\"@id\":\"https:\\\/\\\/aluscreen.be\\\/fr\\\/#website\",\"url\":\"https:\\\/\\\/aluscreen.be\\\/fr\\\/\",\"name\":\"Aluscreen\",\"description\":\"A lasting impression\",\"publisher\":{\"@id\":\"https:\\\/\\\/aluscreen.be\\\/fr\\\/#organization\"},\"potentialAction\":[{\"@type\":\"SearchAction\",\"target\":{\"@type\":\"EntryPoint\",\"urlTemplate\":\"https:\\\/\\\/aluscreen.be\\\/fr\\\/?s={search_term_string}\"},\"query-input\":{\"@type\":\"PropertyValueSpecification\",\"valueRequired\":true,\"valueName\":\"search_term_string\"}}],\"inLanguage\":\"fr-BE\"},{\"@type\":\"Organization\",\"@id\":\"https:\\\/\\\/aluscreen.be\\\/fr\\\/#organization\",\"name\":\"Aluscreen\",\"url\":\"https:\\\/\\\/aluscreen.be\\\/fr\\\/\",\"logo\":{\"@type\":\"ImageObject\",\"inLanguage\":\"fr-BE\",\"@id\":\"https:\\\/\\\/aluscreen.be\\\/fr\\\/#\\\/schema\\\/logo\\\/image\\\/\",\"url\":\"https:\\\/\\\/www.aluscreen.be\\\/wp-content\\\/uploads\\\/2022\\\/02\\\/Aluscreen-logo-single-kleur-1.png\",\"contentUrl\":\"https:\\\/\\\/www.aluscreen.be\\\/wp-content\\\/uploads\\\/2022\\\/02\\\/Aluscreen-logo-single-kleur-1.png\",\"width\":1500,\"height\":284,\"caption\":\"Aluscreen\"},\"image\":{\"@id\":\"https:\\\/\\\/aluscreen.be\\\/fr\\\/#\\\/schema\\\/logo\\\/image\\\/\"},\"sameAs\":[\"https:\\\/\\\/www.facebook.com\\\/aluscreen.be\",\"https:\\\/\\\/www.instagram.com\\\/aluscreen\",\"https:\\\/\\\/www.linkedin.com\\\/company\\\/aluscreen-bvba\\\/about\\\/\"]}]}<\/script>\n<!-- \/ Yoast SEO plugin. -->","yoast_head_json":{"title":"Pictogrammes et signalisation de s\u00e9curit\u00e9 | Aluscreen","description":"Pictogrammes clairs conformes \u00e0 la norme ISO 7010 pour une s\u00e9curit\u00e9 maximale. Commandez d\u00e8s aujourd'hui et recevez rapidement votre signalisation conforme.","robots":{"index":"index","follow":"follow","max-snippet":"max-snippet:-1","max-image-preview":"max-image-preview:large","max-video-preview":"max-video-preview:-1"},"canonical":"https:\/\/aluscreen.be\/fr\/produits\/pictogrammes\/","og_locale":"fr_FR","og_type":"article","og_title":"Pictogrammes et signalisation de s\u00e9curit\u00e9 | Aluscreen","og_description":"Pictogrammes clairs conformes \u00e0 la norme ISO 7010 pour une s\u00e9curit\u00e9 maximale. Commandez d\u00e8s aujourd'hui et recevez rapidement votre signalisation conforme.","og_url":"https:\/\/aluscreen.be\/fr\/produits\/pictogrammes\/","og_site_name":"Aluscreen","article_publisher":"https:\/\/www.facebook.com\/aluscreen.be","article_modified_time":"2026-03-05T13:34:48+00:00","twitter_card":"summary_large_image","twitter_misc":{"Dur\u00e9e de lecture est.":"5 minutes"},"schema":{"@context":"https:\/\/schema.org","@graph":[{"@type":"WebPage","@id":"https:\/\/aluscreen.be\/fr\/produits\/pictogrammes\/","url":"https:\/\/aluscreen.be\/fr\/produits\/pictogrammes\/","name":"Pictogrammes et signalisation de s\u00e9curit\u00e9 | Aluscreen","isPartOf":{"@id":"https:\/\/aluscreen.be\/fr\/#website"},"datePublished":"2022-03-28T09:20:44+00:00","dateModified":"2026-03-05T13:34:48+00:00","description":"Pictogrammes clairs conformes \u00e0 la norme ISO 7010 pour une s\u00e9curit\u00e9 maximale. Commandez d\u00e8s aujourd'hui et recevez rapidement votre signalisation conforme.","breadcrumb":{"@id":"https:\/\/aluscreen.be\/fr\/produits\/pictogrammes\/#breadcrumb"},"inLanguage":"fr-BE","potentialAction":[{"@type":"ReadAction","target":["https:\/\/aluscreen.be\/fr\/produits\/pictogrammes\/"]}]},{"@type":"BreadcrumbList","@id":"https:\/\/aluscreen.be\/fr\/produits\/pictogrammes\/#breadcrumb","itemListElement":[{"@type":"ListItem","position":1,"name":"Home","item":"https:\/\/aluscreen.be\/fr\/home\/"},{"@type":"ListItem","position":2,"name":"Pictogrammes"}]},{"@type":"WebSite","@id":"https:\/\/aluscreen.be\/fr\/#website","url":"https:\/\/aluscreen.be\/fr\/","name":"Aluscreen","description":"A lasting impression","publisher":{"@id":"https:\/\/aluscreen.be\/fr\/#organization"},"potentialAction":[{"@type":"SearchAction","target":{"@type":"EntryPoint","urlTemplate":"https:\/\/aluscreen.be\/fr\/?s={search_term_string}"},"query-input":{"@type":"PropertyValueSpecification","valueRequired":true,"valueName":"search_term_string"}}],"inLanguage":"fr-BE"},{"@type":"Organization","@id":"https:\/\/aluscreen.be\/fr\/#organization","name":"Aluscreen","url":"https:\/\/aluscreen.be\/fr\/","logo":{"@type":"ImageObject","inLanguage":"fr-BE","@id":"https:\/\/aluscreen.be\/fr\/#\/schema\/logo\/image\/","url":"https:\/\/www.aluscreen.be\/wp-content\/uploads\/2022\/02\/Aluscreen-logo-single-kleur-1.png","contentUrl":"https:\/\/www.aluscreen.be\/wp-content\/uploads\/2022\/02\/Aluscreen-logo-single-kleur-1.png","width":1500,"height":284,"caption":"Aluscreen"},"image":{"@id":"https:\/\/aluscreen.be\/fr\/#\/schema\/logo\/image\/"},"sameAs":["https:\/\/www.facebook.com\/aluscreen.be","https:\/\/www.instagram.com\/aluscreen","https:\/\/www.linkedin.com\/company\/aluscreen-bvba\/about\/"]}]}},"_links":{"self":[{"href":"https:\/\/aluscreen.be\/fr\/wp-json\/wp\/v2\/product\/6992","targetHints":{"allow":["GET"]}}],"collection":[{"href":"https:\/\/aluscreen.be\/fr\/wp-json\/wp\/v2\/product"}],"about":[{"href":"https:\/\/aluscreen.be\/fr\/wp-json\/wp\/v2\/types\/product"}],"version-history":[{"count":3,"href":"https:\/\/aluscreen.be\/fr\/wp-json\/wp\/v2\/product\/6992\/revisions"}],"predecessor-version":[{"id":8046,"href":"https:\/\/aluscreen.be\/fr\/wp-json\/wp\/v2\/product\/6992\/revisions\/8046"}],"wp:attachment":[{"href":"https:\/\/aluscreen.be\/fr\/wp-json\/wp\/v2\/media?parent=6992"}],"wp:term":[{"taxonomy":"product_tag","embeddable":true,"href":"https:\/\/aluscreen.be\/fr\/wp-json\/wp\/v2\/product_tag?post=6992"}],"curies":[{"name":"wp","href":"https:\/\/api.w.org\/{rel}","templated":true}]}}