{"id":6986,"date":"2022-03-28T11:37:25","date_gmt":"2022-03-28T09:37:25","guid":{"rendered":"https:\/\/aluscreen.be\/product\/polyester-labels\/"},"modified":"2026-04-13T09:33:03","modified_gmt":"2026-04-13T07:33:03","slug":"etiquettes-en-polyester","status":"publish","type":"product","link":"https:\/\/aluscreen.be\/fr\/produits\/etiquettes-en-polyester\/","title":{"rendered":"\u00c9tiquettes en polyester"},"featured_media":4937,"template":"","product_tag":[33],"class_list":["post-6986","product","type-product","status-publish","has-post-thumbnail","hentry","product_tag-industrie"],"acf":[],"yoast_head":"<!-- This site is optimized with the Yoast SEO plugin v27.3 - https:\/\/yoast.com\/product\/yoast-seo-wordpress\/ -->\n<title>\u00c9tiquettes en polyester pour la s\u00e9curit\u00e9 et l&#039;identification<\/title>\n<meta name=\"description\" content=\"\u00c9tiquettes en polyester pour le marquage de propri\u00e9t\u00e9 et autocollants d&#039;inspection.\" \/>\n<meta name=\"robots\" content=\"index, follow, max-snippet:-1, max-image-preview:large, max-video-preview:-1\" \/>\n<link rel=\"canonical\" href=\"https:\/\/aluscreen.be\/fr\/produits\/etiquettes-en-polyester\/\" \/>\n<meta property=\"og:locale\" content=\"fr_FR\" \/>\n<meta property=\"og:type\" content=\"article\" \/>\n<meta property=\"og:title\" content=\"\u00c9tiquettes en polyester pour la s\u00e9curit\u00e9 et l&#039;identification\" \/>\n<meta property=\"og:description\" content=\"\u00c9tiquettes en polyester pour le marquage de propri\u00e9t\u00e9 et autocollants d&#039;inspection.\" \/>\n<meta property=\"og:url\" content=\"https:\/\/aluscreen.be\/fr\/produits\/etiquettes-en-polyester\/\" \/>\n<meta property=\"og:site_name\" content=\"Aluscreen\" \/>\n<meta property=\"article:publisher\" content=\"https:\/\/www.facebook.com\/aluscreen.be\" \/>\n<meta property=\"article:modified_time\" content=\"2026-04-13T07:33:03+00:00\" \/>\n<meta property=\"og:image\" content=\"https:\/\/aluscreen.be\/wp-content\/uploads\/2022\/08\/1660654044783-scaled.jpg\" \/>\n\t<meta property=\"og:image:width\" content=\"2560\" \/>\n\t<meta property=\"og:image:height\" content=\"1508\" \/>\n\t<meta property=\"og:image:type\" content=\"image\/jpeg\" \/>\n<meta name=\"twitter:card\" content=\"summary_large_image\" \/>\n<meta name=\"twitter:label1\" content=\"Dur\u00e9e de lecture est.\" \/>\n\t<meta name=\"twitter:data1\" content=\"2 minutes\" \/>\n<script type=\"application\/ld+json\" class=\"yoast-schema-graph\">{\"@context\":\"https:\\\/\\\/schema.org\",\"@graph\":[{\"@type\":\"WebPage\",\"@id\":\"https:\\\/\\\/aluscreen.be\\\/fr\\\/produits\\\/etiquettes-en-polyester\\\/\",\"url\":\"https:\\\/\\\/aluscreen.be\\\/fr\\\/produits\\\/etiquettes-en-polyester\\\/\",\"name\":\"\u00c9tiquettes en polyester pour la s\u00e9curit\u00e9 et l'identification\",\"isPartOf\":{\"@id\":\"https:\\\/\\\/aluscreen.be\\\/fr\\\/#website\"},\"primaryImageOfPage\":{\"@id\":\"https:\\\/\\\/aluscreen.be\\\/fr\\\/produits\\\/etiquettes-en-polyester\\\/#primaryimage\"},\"image\":{\"@id\":\"https:\\\/\\\/aluscreen.be\\\/fr\\\/produits\\\/etiquettes-en-polyester\\\/#primaryimage\"},\"thumbnailUrl\":\"https:\\\/\\\/aluscreen.be\\\/wp-content\\\/uploads\\\/2022\\\/08\\\/1660654044783-scaled.jpg\",\"datePublished\":\"2022-03-28T09:37:25+00:00\",\"dateModified\":\"2026-04-13T07:33:03+00:00\",\"description\":\"\u00c9tiquettes en polyester pour le marquage de propri\u00e9t\u00e9 et autocollants d'inspection.\",\"breadcrumb\":{\"@id\":\"https:\\\/\\\/aluscreen.be\\\/fr\\\/produits\\\/etiquettes-en-polyester\\\/#breadcrumb\"},\"inLanguage\":\"fr-BE\",\"potentialAction\":[{\"@type\":\"ReadAction\",\"target\":[\"https:\\\/\\\/aluscreen.be\\\/fr\\\/produits\\\/etiquettes-en-polyester\\\/\"]}]},{\"@type\":\"ImageObject\",\"inLanguage\":\"fr-BE\",\"@id\":\"https:\\\/\\\/aluscreen.be\\\/fr\\\/produits\\\/etiquettes-en-polyester\\\/#primaryimage\",\"url\":\"https:\\\/\\\/aluscreen.be\\\/wp-content\\\/uploads\\\/2022\\\/08\\\/1660654044783-scaled.jpg\",\"contentUrl\":\"https:\\\/\\\/aluscreen.be\\\/wp-content\\\/uploads\\\/2022\\\/08\\\/1660654044783-scaled.jpg\",\"width\":2560,\"height\":1508,\"caption\":\"Vinyl + laminaat - Snijden\"},{\"@type\":\"BreadcrumbList\",\"@id\":\"https:\\\/\\\/aluscreen.be\\\/fr\\\/produits\\\/etiquettes-en-polyester\\\/#breadcrumb\",\"itemListElement\":[{\"@type\":\"ListItem\",\"position\":1,\"name\":\"Home\",\"item\":\"https:\\\/\\\/aluscreen.be\\\/fr\\\/home\\\/\"},{\"@type\":\"ListItem\",\"position\":2,\"name\":\"\u00c9tiquettes en polyester\"}]},{\"@type\":\"WebSite\",\"@id\":\"https:\\\/\\\/aluscreen.be\\\/fr\\\/#website\",\"url\":\"https:\\\/\\\/aluscreen.be\\\/fr\\\/\",\"name\":\"Aluscreen\",\"description\":\"A lasting impression\",\"publisher\":{\"@id\":\"https:\\\/\\\/aluscreen.be\\\/fr\\\/#organization\"},\"potentialAction\":[{\"@type\":\"SearchAction\",\"target\":{\"@type\":\"EntryPoint\",\"urlTemplate\":\"https:\\\/\\\/aluscreen.be\\\/fr\\\/?s={search_term_string}\"},\"query-input\":{\"@type\":\"PropertyValueSpecification\",\"valueRequired\":true,\"valueName\":\"search_term_string\"}}],\"inLanguage\":\"fr-BE\"},{\"@type\":\"Organization\",\"@id\":\"https:\\\/\\\/aluscreen.be\\\/fr\\\/#organization\",\"name\":\"Aluscreen\",\"url\":\"https:\\\/\\\/aluscreen.be\\\/fr\\\/\",\"logo\":{\"@type\":\"ImageObject\",\"inLanguage\":\"fr-BE\",\"@id\":\"https:\\\/\\\/aluscreen.be\\\/fr\\\/#\\\/schema\\\/logo\\\/image\\\/\",\"url\":\"https:\\\/\\\/www.aluscreen.be\\\/wp-content\\\/uploads\\\/2022\\\/02\\\/Aluscreen-logo-single-kleur-1.png\",\"contentUrl\":\"https:\\\/\\\/www.aluscreen.be\\\/wp-content\\\/uploads\\\/2022\\\/02\\\/Aluscreen-logo-single-kleur-1.png\",\"width\":1500,\"height\":284,\"caption\":\"Aluscreen\"},\"image\":{\"@id\":\"https:\\\/\\\/aluscreen.be\\\/fr\\\/#\\\/schema\\\/logo\\\/image\\\/\"},\"sameAs\":[\"https:\\\/\\\/www.facebook.com\\\/aluscreen.be\",\"https:\\\/\\\/www.instagram.com\\\/aluscreen\",\"https:\\\/\\\/www.linkedin.com\\\/company\\\/aluscreen-bvba\\\/about\\\/\"]}]}<\/script>\n<!-- \/ Yoast SEO plugin. -->","yoast_head_json":{"title":"\u00c9tiquettes en polyester pour la s\u00e9curit\u00e9 et l'identification","description":"\u00c9tiquettes en polyester pour le marquage de propri\u00e9t\u00e9 et autocollants d'inspection.","robots":{"index":"index","follow":"follow","max-snippet":"max-snippet:-1","max-image-preview":"max-image-preview:large","max-video-preview":"max-video-preview:-1"},"canonical":"https:\/\/aluscreen.be\/fr\/produits\/etiquettes-en-polyester\/","og_locale":"fr_FR","og_type":"article","og_title":"\u00c9tiquettes en polyester pour la s\u00e9curit\u00e9 et l'identification","og_description":"\u00c9tiquettes en polyester pour le marquage de propri\u00e9t\u00e9 et autocollants d'inspection.","og_url":"https:\/\/aluscreen.be\/fr\/produits\/etiquettes-en-polyester\/","og_site_name":"Aluscreen","article_publisher":"https:\/\/www.facebook.com\/aluscreen.be","article_modified_time":"2026-04-13T07:33:03+00:00","og_image":[{"width":2560,"height":1508,"url":"https:\/\/aluscreen.be\/wp-content\/uploads\/2022\/08\/1660654044783-scaled.jpg","type":"image\/jpeg"}],"twitter_card":"summary_large_image","twitter_misc":{"Dur\u00e9e de lecture est.":"2 minutes"},"schema":{"@context":"https:\/\/schema.org","@graph":[{"@type":"WebPage","@id":"https:\/\/aluscreen.be\/fr\/produits\/etiquettes-en-polyester\/","url":"https:\/\/aluscreen.be\/fr\/produits\/etiquettes-en-polyester\/","name":"\u00c9tiquettes en polyester pour la s\u00e9curit\u00e9 et l'identification","isPartOf":{"@id":"https:\/\/aluscreen.be\/fr\/#website"},"primaryImageOfPage":{"@id":"https:\/\/aluscreen.be\/fr\/produits\/etiquettes-en-polyester\/#primaryimage"},"image":{"@id":"https:\/\/aluscreen.be\/fr\/produits\/etiquettes-en-polyester\/#primaryimage"},"thumbnailUrl":"https:\/\/aluscreen.be\/wp-content\/uploads\/2022\/08\/1660654044783-scaled.jpg","datePublished":"2022-03-28T09:37:25+00:00","dateModified":"2026-04-13T07:33:03+00:00","description":"\u00c9tiquettes en polyester pour le marquage de propri\u00e9t\u00e9 et autocollants d'inspection.","breadcrumb":{"@id":"https:\/\/aluscreen.be\/fr\/produits\/etiquettes-en-polyester\/#breadcrumb"},"inLanguage":"fr-BE","potentialAction":[{"@type":"ReadAction","target":["https:\/\/aluscreen.be\/fr\/produits\/etiquettes-en-polyester\/"]}]},{"@type":"ImageObject","inLanguage":"fr-BE","@id":"https:\/\/aluscreen.be\/fr\/produits\/etiquettes-en-polyester\/#primaryimage","url":"https:\/\/aluscreen.be\/wp-content\/uploads\/2022\/08\/1660654044783-scaled.jpg","contentUrl":"https:\/\/aluscreen.be\/wp-content\/uploads\/2022\/08\/1660654044783-scaled.jpg","width":2560,"height":1508,"caption":"Vinyl + laminaat - Snijden"},{"@type":"BreadcrumbList","@id":"https:\/\/aluscreen.be\/fr\/produits\/etiquettes-en-polyester\/#breadcrumb","itemListElement":[{"@type":"ListItem","position":1,"name":"Home","item":"https:\/\/aluscreen.be\/fr\/home\/"},{"@type":"ListItem","position":2,"name":"\u00c9tiquettes en polyester"}]},{"@type":"WebSite","@id":"https:\/\/aluscreen.be\/fr\/#website","url":"https:\/\/aluscreen.be\/fr\/","name":"Aluscreen","description":"A lasting impression","publisher":{"@id":"https:\/\/aluscreen.be\/fr\/#organization"},"potentialAction":[{"@type":"SearchAction","target":{"@type":"EntryPoint","urlTemplate":"https:\/\/aluscreen.be\/fr\/?s={search_term_string}"},"query-input":{"@type":"PropertyValueSpecification","valueRequired":true,"valueName":"search_term_string"}}],"inLanguage":"fr-BE"},{"@type":"Organization","@id":"https:\/\/aluscreen.be\/fr\/#organization","name":"Aluscreen","url":"https:\/\/aluscreen.be\/fr\/","logo":{"@type":"ImageObject","inLanguage":"fr-BE","@id":"https:\/\/aluscreen.be\/fr\/#\/schema\/logo\/image\/","url":"https:\/\/www.aluscreen.be\/wp-content\/uploads\/2022\/02\/Aluscreen-logo-single-kleur-1.png","contentUrl":"https:\/\/www.aluscreen.be\/wp-content\/uploads\/2022\/02\/Aluscreen-logo-single-kleur-1.png","width":1500,"height":284,"caption":"Aluscreen"},"image":{"@id":"https:\/\/aluscreen.be\/fr\/#\/schema\/logo\/image\/"},"sameAs":["https:\/\/www.facebook.com\/aluscreen.be","https:\/\/www.instagram.com\/aluscreen","https:\/\/www.linkedin.com\/company\/aluscreen-bvba\/about\/"]}]}},"_links":{"self":[{"href":"https:\/\/aluscreen.be\/fr\/wp-json\/wp\/v2\/product\/6986","targetHints":{"allow":["GET"]}}],"collection":[{"href":"https:\/\/aluscreen.be\/fr\/wp-json\/wp\/v2\/product"}],"about":[{"href":"https:\/\/aluscreen.be\/fr\/wp-json\/wp\/v2\/types\/product"}],"version-history":[{"count":6,"href":"https:\/\/aluscreen.be\/fr\/wp-json\/wp\/v2\/product\/6986\/revisions"}],"predecessor-version":[{"id":8122,"href":"https:\/\/aluscreen.be\/fr\/wp-json\/wp\/v2\/product\/6986\/revisions\/8122"}],"wp:featuredmedia":[{"embeddable":true,"href":"https:\/\/aluscreen.be\/fr\/wp-json\/wp\/v2\/media\/4937"}],"wp:attachment":[{"href":"https:\/\/aluscreen.be\/fr\/wp-json\/wp\/v2\/media?parent=6986"}],"wp:term":[{"taxonomy":"product_tag","embeddable":true,"href":"https:\/\/aluscreen.be\/fr\/wp-json\/wp\/v2\/product_tag?post=6986"}],"curies":[{"name":"wp","href":"https:\/\/api.w.org\/{rel}","templated":true}]}}