{"id":6955,"date":"2022-03-28T12:08:54","date_gmt":"2022-03-28T10:08:54","guid":{"rendered":"https:\/\/aluscreen.be\/product\/keuringstickers\/"},"modified":"2026-03-05T15:21:56","modified_gmt":"2026-03-05T13:21:56","slug":"etiquettes-de-controle","status":"publish","type":"product","link":"https:\/\/aluscreen.be\/fr\/produits\/etiquettes-de-controle\/","title":{"rendered":"\u00c9tiquettes de contr\u00f4le"},"featured_media":3320,"template":"","product_tag":[33],"class_list":["post-6955","product","type-product","status-publish","has-post-thumbnail","hentry","product_tag-industrie"],"acf":[],"yoast_head":"<!-- This site is optimized with the Yoast SEO plugin v27.3 - https:\/\/yoast.com\/product\/yoast-seo-wordpress\/ -->\n<title>\u00c9tiquettes d&#039;inspection pour les contr\u00f4les | Aluscreen<\/title>\n<meta name=\"description\" content=\"Commandez des \u00e9tiquettes de contr\u00f4le Aluscreen. R\u00e9sistantes aux rayures et disponibles en plusieurs couleurs et formats.\" \/>\n<meta name=\"robots\" content=\"index, follow, max-snippet:-1, max-image-preview:large, max-video-preview:-1\" \/>\n<link rel=\"canonical\" href=\"https:\/\/aluscreen.be\/fr\/produits\/etiquettes-de-controle\/\" \/>\n<meta property=\"og:locale\" content=\"fr_FR\" \/>\n<meta property=\"og:type\" content=\"article\" \/>\n<meta property=\"og:title\" content=\"\u00c9tiquettes d&#039;inspection pour les contr\u00f4les | Aluscreen\" \/>\n<meta property=\"og:description\" content=\"Commandez des \u00e9tiquettes de contr\u00f4le Aluscreen. R\u00e9sistantes aux rayures et disponibles en plusieurs couleurs et formats.\" \/>\n<meta property=\"og:url\" content=\"https:\/\/aluscreen.be\/fr\/produits\/etiquettes-de-controle\/\" \/>\n<meta property=\"og:site_name\" content=\"Aluscreen\" \/>\n<meta property=\"article:publisher\" content=\"https:\/\/www.facebook.com\/aluscreen.be\" \/>\n<meta property=\"article:modified_time\" content=\"2026-03-05T13:21:56+00:00\" \/>\n<meta property=\"og:image\" content=\"https:\/\/aluscreen.be\/wp-content\/uploads\/2022\/05\/clays-en-zonen-quality2-scaled.jpg\" \/>\n\t<meta property=\"og:image:width\" content=\"1920\" \/>\n\t<meta property=\"og:image:height\" content=\"2560\" \/>\n\t<meta property=\"og:image:type\" content=\"image\/jpeg\" \/>\n<meta name=\"twitter:card\" content=\"summary_large_image\" \/>\n<meta name=\"twitter:label1\" content=\"Dur\u00e9e de lecture est.\" \/>\n\t<meta name=\"twitter:data1\" content=\"5 minutes\" \/>\n<script type=\"application\/ld+json\" class=\"yoast-schema-graph\">{\"@context\":\"https:\\\/\\\/schema.org\",\"@graph\":[{\"@type\":\"WebPage\",\"@id\":\"https:\\\/\\\/aluscreen.be\\\/fr\\\/produits\\\/etiquettes-de-controle\\\/\",\"url\":\"https:\\\/\\\/aluscreen.be\\\/fr\\\/produits\\\/etiquettes-de-controle\\\/\",\"name\":\"\u00c9tiquettes d'inspection pour les contr\u00f4les | Aluscreen\",\"isPartOf\":{\"@id\":\"https:\\\/\\\/aluscreen.be\\\/fr\\\/#website\"},\"primaryImageOfPage\":{\"@id\":\"https:\\\/\\\/aluscreen.be\\\/fr\\\/produits\\\/etiquettes-de-controle\\\/#primaryimage\"},\"image\":{\"@id\":\"https:\\\/\\\/aluscreen.be\\\/fr\\\/produits\\\/etiquettes-de-controle\\\/#primaryimage\"},\"thumbnailUrl\":\"https:\\\/\\\/aluscreen.be\\\/wp-content\\\/uploads\\\/2022\\\/05\\\/clays-en-zonen-quality2-scaled.jpg\",\"datePublished\":\"2022-03-28T10:08:54+00:00\",\"dateModified\":\"2026-03-05T13:21:56+00:00\",\"description\":\"Commandez des \u00e9tiquettes de contr\u00f4le Aluscreen. R\u00e9sistantes aux rayures et disponibles en plusieurs couleurs et formats.\",\"breadcrumb\":{\"@id\":\"https:\\\/\\\/aluscreen.be\\\/fr\\\/produits\\\/etiquettes-de-controle\\\/#breadcrumb\"},\"inLanguage\":\"fr-BE\",\"potentialAction\":[{\"@type\":\"ReadAction\",\"target\":[\"https:\\\/\\\/aluscreen.be\\\/fr\\\/produits\\\/etiquettes-de-controle\\\/\"]}]},{\"@type\":\"ImageObject\",\"inLanguage\":\"fr-BE\",\"@id\":\"https:\\\/\\\/aluscreen.be\\\/fr\\\/produits\\\/etiquettes-de-controle\\\/#primaryimage\",\"url\":\"https:\\\/\\\/aluscreen.be\\\/wp-content\\\/uploads\\\/2022\\\/05\\\/clays-en-zonen-quality2-scaled.jpg\",\"contentUrl\":\"https:\\\/\\\/aluscreen.be\\\/wp-content\\\/uploads\\\/2022\\\/05\\\/clays-en-zonen-quality2-scaled.jpg\",\"width\":1920,\"height\":2560,\"caption\":\"Kunsstof - Label - Snijden\\\/Plotten\"},{\"@type\":\"BreadcrumbList\",\"@id\":\"https:\\\/\\\/aluscreen.be\\\/fr\\\/produits\\\/etiquettes-de-controle\\\/#breadcrumb\",\"itemListElement\":[{\"@type\":\"ListItem\",\"position\":1,\"name\":\"Home\",\"item\":\"https:\\\/\\\/aluscreen.be\\\/fr\\\/home\\\/\"},{\"@type\":\"ListItem\",\"position\":2,\"name\":\"\u00c9tiquettes de contr\u00f4le\"}]},{\"@type\":\"WebSite\",\"@id\":\"https:\\\/\\\/aluscreen.be\\\/fr\\\/#website\",\"url\":\"https:\\\/\\\/aluscreen.be\\\/fr\\\/\",\"name\":\"Aluscreen\",\"description\":\"A lasting impression\",\"publisher\":{\"@id\":\"https:\\\/\\\/aluscreen.be\\\/fr\\\/#organization\"},\"potentialAction\":[{\"@type\":\"SearchAction\",\"target\":{\"@type\":\"EntryPoint\",\"urlTemplate\":\"https:\\\/\\\/aluscreen.be\\\/fr\\\/?s={search_term_string}\"},\"query-input\":{\"@type\":\"PropertyValueSpecification\",\"valueRequired\":true,\"valueName\":\"search_term_string\"}}],\"inLanguage\":\"fr-BE\"},{\"@type\":\"Organization\",\"@id\":\"https:\\\/\\\/aluscreen.be\\\/fr\\\/#organization\",\"name\":\"Aluscreen\",\"url\":\"https:\\\/\\\/aluscreen.be\\\/fr\\\/\",\"logo\":{\"@type\":\"ImageObject\",\"inLanguage\":\"fr-BE\",\"@id\":\"https:\\\/\\\/aluscreen.be\\\/fr\\\/#\\\/schema\\\/logo\\\/image\\\/\",\"url\":\"https:\\\/\\\/www.aluscreen.be\\\/wp-content\\\/uploads\\\/2022\\\/02\\\/Aluscreen-logo-single-kleur-1.png\",\"contentUrl\":\"https:\\\/\\\/www.aluscreen.be\\\/wp-content\\\/uploads\\\/2022\\\/02\\\/Aluscreen-logo-single-kleur-1.png\",\"width\":1500,\"height\":284,\"caption\":\"Aluscreen\"},\"image\":{\"@id\":\"https:\\\/\\\/aluscreen.be\\\/fr\\\/#\\\/schema\\\/logo\\\/image\\\/\"},\"sameAs\":[\"https:\\\/\\\/www.facebook.com\\\/aluscreen.be\",\"https:\\\/\\\/www.instagram.com\\\/aluscreen\",\"https:\\\/\\\/www.linkedin.com\\\/company\\\/aluscreen-bvba\\\/about\\\/\"]}]}<\/script>\n<!-- \/ Yoast SEO plugin. -->","yoast_head_json":{"title":"\u00c9tiquettes d'inspection pour les contr\u00f4les | Aluscreen","description":"Commandez des \u00e9tiquettes de contr\u00f4le Aluscreen. R\u00e9sistantes aux rayures et disponibles en plusieurs couleurs et formats.","robots":{"index":"index","follow":"follow","max-snippet":"max-snippet:-1","max-image-preview":"max-image-preview:large","max-video-preview":"max-video-preview:-1"},"canonical":"https:\/\/aluscreen.be\/fr\/produits\/etiquettes-de-controle\/","og_locale":"fr_FR","og_type":"article","og_title":"\u00c9tiquettes d'inspection pour les contr\u00f4les | Aluscreen","og_description":"Commandez des \u00e9tiquettes de contr\u00f4le Aluscreen. R\u00e9sistantes aux rayures et disponibles en plusieurs couleurs et formats.","og_url":"https:\/\/aluscreen.be\/fr\/produits\/etiquettes-de-controle\/","og_site_name":"Aluscreen","article_publisher":"https:\/\/www.facebook.com\/aluscreen.be","article_modified_time":"2026-03-05T13:21:56+00:00","og_image":[{"width":1920,"height":2560,"url":"https:\/\/aluscreen.be\/wp-content\/uploads\/2022\/05\/clays-en-zonen-quality2-scaled.jpg","type":"image\/jpeg"}],"twitter_card":"summary_large_image","twitter_misc":{"Dur\u00e9e de lecture est.":"5 minutes"},"schema":{"@context":"https:\/\/schema.org","@graph":[{"@type":"WebPage","@id":"https:\/\/aluscreen.be\/fr\/produits\/etiquettes-de-controle\/","url":"https:\/\/aluscreen.be\/fr\/produits\/etiquettes-de-controle\/","name":"\u00c9tiquettes d'inspection pour les contr\u00f4les | Aluscreen","isPartOf":{"@id":"https:\/\/aluscreen.be\/fr\/#website"},"primaryImageOfPage":{"@id":"https:\/\/aluscreen.be\/fr\/produits\/etiquettes-de-controle\/#primaryimage"},"image":{"@id":"https:\/\/aluscreen.be\/fr\/produits\/etiquettes-de-controle\/#primaryimage"},"thumbnailUrl":"https:\/\/aluscreen.be\/wp-content\/uploads\/2022\/05\/clays-en-zonen-quality2-scaled.jpg","datePublished":"2022-03-28T10:08:54+00:00","dateModified":"2026-03-05T13:21:56+00:00","description":"Commandez des \u00e9tiquettes de contr\u00f4le Aluscreen. R\u00e9sistantes aux rayures et disponibles en plusieurs couleurs et formats.","breadcrumb":{"@id":"https:\/\/aluscreen.be\/fr\/produits\/etiquettes-de-controle\/#breadcrumb"},"inLanguage":"fr-BE","potentialAction":[{"@type":"ReadAction","target":["https:\/\/aluscreen.be\/fr\/produits\/etiquettes-de-controle\/"]}]},{"@type":"ImageObject","inLanguage":"fr-BE","@id":"https:\/\/aluscreen.be\/fr\/produits\/etiquettes-de-controle\/#primaryimage","url":"https:\/\/aluscreen.be\/wp-content\/uploads\/2022\/05\/clays-en-zonen-quality2-scaled.jpg","contentUrl":"https:\/\/aluscreen.be\/wp-content\/uploads\/2022\/05\/clays-en-zonen-quality2-scaled.jpg","width":1920,"height":2560,"caption":"Kunsstof - Label - Snijden\/Plotten"},{"@type":"BreadcrumbList","@id":"https:\/\/aluscreen.be\/fr\/produits\/etiquettes-de-controle\/#breadcrumb","itemListElement":[{"@type":"ListItem","position":1,"name":"Home","item":"https:\/\/aluscreen.be\/fr\/home\/"},{"@type":"ListItem","position":2,"name":"\u00c9tiquettes de contr\u00f4le"}]},{"@type":"WebSite","@id":"https:\/\/aluscreen.be\/fr\/#website","url":"https:\/\/aluscreen.be\/fr\/","name":"Aluscreen","description":"A lasting impression","publisher":{"@id":"https:\/\/aluscreen.be\/fr\/#organization"},"potentialAction":[{"@type":"SearchAction","target":{"@type":"EntryPoint","urlTemplate":"https:\/\/aluscreen.be\/fr\/?s={search_term_string}"},"query-input":{"@type":"PropertyValueSpecification","valueRequired":true,"valueName":"search_term_string"}}],"inLanguage":"fr-BE"},{"@type":"Organization","@id":"https:\/\/aluscreen.be\/fr\/#organization","name":"Aluscreen","url":"https:\/\/aluscreen.be\/fr\/","logo":{"@type":"ImageObject","inLanguage":"fr-BE","@id":"https:\/\/aluscreen.be\/fr\/#\/schema\/logo\/image\/","url":"https:\/\/www.aluscreen.be\/wp-content\/uploads\/2022\/02\/Aluscreen-logo-single-kleur-1.png","contentUrl":"https:\/\/www.aluscreen.be\/wp-content\/uploads\/2022\/02\/Aluscreen-logo-single-kleur-1.png","width":1500,"height":284,"caption":"Aluscreen"},"image":{"@id":"https:\/\/aluscreen.be\/fr\/#\/schema\/logo\/image\/"},"sameAs":["https:\/\/www.facebook.com\/aluscreen.be","https:\/\/www.instagram.com\/aluscreen","https:\/\/www.linkedin.com\/company\/aluscreen-bvba\/about\/"]}]}},"_links":{"self":[{"href":"https:\/\/aluscreen.be\/fr\/wp-json\/wp\/v2\/product\/6955","targetHints":{"allow":["GET"]}}],"collection":[{"href":"https:\/\/aluscreen.be\/fr\/wp-json\/wp\/v2\/product"}],"about":[{"href":"https:\/\/aluscreen.be\/fr\/wp-json\/wp\/v2\/types\/product"}],"version-history":[{"count":3,"href":"https:\/\/aluscreen.be\/fr\/wp-json\/wp\/v2\/product\/6955\/revisions"}],"predecessor-version":[{"id":8028,"href":"https:\/\/aluscreen.be\/fr\/wp-json\/wp\/v2\/product\/6955\/revisions\/8028"}],"wp:featuredmedia":[{"embeddable":true,"href":"https:\/\/aluscreen.be\/fr\/wp-json\/wp\/v2\/media\/3320"}],"wp:attachment":[{"href":"https:\/\/aluscreen.be\/fr\/wp-json\/wp\/v2\/media?parent=6955"}],"wp:term":[{"taxonomy":"product_tag","embeddable":true,"href":"https:\/\/aluscreen.be\/fr\/wp-json\/wp\/v2\/product_tag?post=6955"}],"curies":[{"name":"wp","href":"https:\/\/api.w.org\/{rel}","templated":true}]}}