{"id":6945,"date":"2022-09-28T15:09:25","date_gmt":"2022-09-28T13:09:25","guid":{"rendered":"https:\/\/aluscreen.be\/product\/messing-plaatjes\/"},"modified":"2026-03-05T15:18:44","modified_gmt":"2026-03-05T13:18:44","slug":"plaques-en-laiton","status":"publish","type":"product","link":"https:\/\/aluscreen.be\/fr\/produits\/plaques-en-laiton\/","title":{"rendered":"Plaques en laiton"},"featured_media":5151,"template":"","product_tag":[35],"class_list":["post-6945","product","type-product","status-publish","has-post-thumbnail","hentry","product_tag-branding"],"acf":[],"yoast_head":"<!-- This site is optimized with the Yoast SEO plugin v27.3 - https:\/\/yoast.com\/product\/yoast-seo-wordpress\/ -->\n<title>Plaques en laiton - Aluscreen<\/title>\n<meta name=\"description\" content=\"Les plaques en laiton ont un aspect caract\u00e9ristique gr\u00e2ce \u00e0 leur couleur brun bronze. Le texte est grav\u00e9. Intemporel et \u00e9l\u00e9gant.\" \/>\n<meta name=\"robots\" content=\"noindex, nofollow\" \/>\n<meta property=\"og:locale\" content=\"fr_FR\" \/>\n<meta property=\"og:type\" content=\"article\" \/>\n<meta property=\"og:title\" content=\"Plaques en laiton - Aluscreen\" \/>\n<meta property=\"og:description\" content=\"Les plaques en laiton ont un aspect caract\u00e9ristique gr\u00e2ce \u00e0 leur couleur brun bronze. Le texte est grav\u00e9. Intemporel et \u00e9l\u00e9gant.\" \/>\n<meta property=\"og:url\" content=\"https:\/\/aluscreen.be\/fr\/produits\/plaques-en-laiton\/\" \/>\n<meta property=\"og:site_name\" content=\"Aluscreen\" \/>\n<meta property=\"article:publisher\" content=\"https:\/\/www.facebook.com\/aluscreen.be\" \/>\n<meta property=\"article:modified_time\" content=\"2026-03-05T13:18:44+00:00\" \/>\n<meta property=\"og:image\" content=\"https:\/\/aluscreen.be\/wp-content\/uploads\/2022\/09\/koper-gravure2-scaled.jpg\" \/>\n\t<meta property=\"og:image:width\" content=\"2560\" \/>\n\t<meta property=\"og:image:height\" content=\"1494\" \/>\n\t<meta property=\"og:image:type\" content=\"image\/jpeg\" \/>\n<meta name=\"twitter:card\" content=\"summary_large_image\" \/>\n<meta name=\"twitter:label1\" content=\"Dur\u00e9e de lecture est.\" \/>\n\t<meta name=\"twitter:data1\" content=\"4 minutes\" \/>\n<script type=\"application\/ld+json\" class=\"yoast-schema-graph\">{\"@context\":\"https:\\\/\\\/schema.org\",\"@graph\":[{\"@type\":\"WebPage\",\"@id\":\"https:\\\/\\\/aluscreen.be\\\/fr\\\/produits\\\/plaques-en-laiton\\\/\",\"url\":\"https:\\\/\\\/aluscreen.be\\\/fr\\\/produits\\\/plaques-en-laiton\\\/\",\"name\":\"Plaques en laiton - Aluscreen\",\"isPartOf\":{\"@id\":\"https:\\\/\\\/aluscreen.be\\\/fr\\\/#website\"},\"primaryImageOfPage\":{\"@id\":\"https:\\\/\\\/aluscreen.be\\\/fr\\\/produits\\\/plaques-en-laiton\\\/#primaryimage\"},\"image\":{\"@id\":\"https:\\\/\\\/aluscreen.be\\\/fr\\\/produits\\\/plaques-en-laiton\\\/#primaryimage\"},\"thumbnailUrl\":\"https:\\\/\\\/aluscreen.be\\\/wp-content\\\/uploads\\\/2022\\\/09\\\/koper-gravure2-scaled.jpg\",\"datePublished\":\"2022-09-28T13:09:25+00:00\",\"dateModified\":\"2026-03-05T13:18:44+00:00\",\"description\":\"Les plaques en laiton ont un aspect caract\u00e9ristique gr\u00e2ce \u00e0 leur couleur brun bronze. Le texte est grav\u00e9. Intemporel et \u00e9l\u00e9gant.\",\"breadcrumb\":{\"@id\":\"https:\\\/\\\/aluscreen.be\\\/fr\\\/produits\\\/plaques-en-laiton\\\/#breadcrumb\"},\"inLanguage\":\"fr-BE\",\"potentialAction\":[{\"@type\":\"ReadAction\",\"target\":[\"https:\\\/\\\/aluscreen.be\\\/fr\\\/produits\\\/plaques-en-laiton\\\/\"]}]},{\"@type\":\"ImageObject\",\"inLanguage\":\"fr-BE\",\"@id\":\"https:\\\/\\\/aluscreen.be\\\/fr\\\/produits\\\/plaques-en-laiton\\\/#primaryimage\",\"url\":\"https:\\\/\\\/aluscreen.be\\\/wp-content\\\/uploads\\\/2022\\\/09\\\/koper-gravure2-scaled.jpg\",\"contentUrl\":\"https:\\\/\\\/aluscreen.be\\\/wp-content\\\/uploads\\\/2022\\\/09\\\/koper-gravure2-scaled.jpg\",\"width\":2560,\"height\":1494,\"caption\":\"Naamplaat - Frezen\\\/Graveren\"},{\"@type\":\"BreadcrumbList\",\"@id\":\"https:\\\/\\\/aluscreen.be\\\/fr\\\/produits\\\/plaques-en-laiton\\\/#breadcrumb\",\"itemListElement\":[{\"@type\":\"ListItem\",\"position\":1,\"name\":\"Home\",\"item\":\"https:\\\/\\\/aluscreen.be\\\/fr\\\/home\\\/\"},{\"@type\":\"ListItem\",\"position\":2,\"name\":\"Plaques en laiton\"}]},{\"@type\":\"WebSite\",\"@id\":\"https:\\\/\\\/aluscreen.be\\\/fr\\\/#website\",\"url\":\"https:\\\/\\\/aluscreen.be\\\/fr\\\/\",\"name\":\"Aluscreen\",\"description\":\"A lasting impression\",\"publisher\":{\"@id\":\"https:\\\/\\\/aluscreen.be\\\/fr\\\/#organization\"},\"potentialAction\":[{\"@type\":\"SearchAction\",\"target\":{\"@type\":\"EntryPoint\",\"urlTemplate\":\"https:\\\/\\\/aluscreen.be\\\/fr\\\/?s={search_term_string}\"},\"query-input\":{\"@type\":\"PropertyValueSpecification\",\"valueRequired\":true,\"valueName\":\"search_term_string\"}}],\"inLanguage\":\"fr-BE\"},{\"@type\":\"Organization\",\"@id\":\"https:\\\/\\\/aluscreen.be\\\/fr\\\/#organization\",\"name\":\"Aluscreen\",\"url\":\"https:\\\/\\\/aluscreen.be\\\/fr\\\/\",\"logo\":{\"@type\":\"ImageObject\",\"inLanguage\":\"fr-BE\",\"@id\":\"https:\\\/\\\/aluscreen.be\\\/fr\\\/#\\\/schema\\\/logo\\\/image\\\/\",\"url\":\"https:\\\/\\\/www.aluscreen.be\\\/wp-content\\\/uploads\\\/2022\\\/02\\\/Aluscreen-logo-single-kleur-1.png\",\"contentUrl\":\"https:\\\/\\\/www.aluscreen.be\\\/wp-content\\\/uploads\\\/2022\\\/02\\\/Aluscreen-logo-single-kleur-1.png\",\"width\":1500,\"height\":284,\"caption\":\"Aluscreen\"},\"image\":{\"@id\":\"https:\\\/\\\/aluscreen.be\\\/fr\\\/#\\\/schema\\\/logo\\\/image\\\/\"},\"sameAs\":[\"https:\\\/\\\/www.facebook.com\\\/aluscreen.be\",\"https:\\\/\\\/www.instagram.com\\\/aluscreen\",\"https:\\\/\\\/www.linkedin.com\\\/company\\\/aluscreen-bvba\\\/about\\\/\"]}]}<\/script>\n<!-- \/ Yoast SEO plugin. -->","yoast_head_json":{"title":"Plaques en laiton - Aluscreen","description":"Les plaques en laiton ont un aspect caract\u00e9ristique gr\u00e2ce \u00e0 leur couleur brun bronze. Le texte est grav\u00e9. Intemporel et \u00e9l\u00e9gant.","robots":{"index":"noindex","follow":"nofollow"},"og_locale":"fr_FR","og_type":"article","og_title":"Plaques en laiton - Aluscreen","og_description":"Les plaques en laiton ont un aspect caract\u00e9ristique gr\u00e2ce \u00e0 leur couleur brun bronze. Le texte est grav\u00e9. Intemporel et \u00e9l\u00e9gant.","og_url":"https:\/\/aluscreen.be\/fr\/produits\/plaques-en-laiton\/","og_site_name":"Aluscreen","article_publisher":"https:\/\/www.facebook.com\/aluscreen.be","article_modified_time":"2026-03-05T13:18:44+00:00","og_image":[{"width":2560,"height":1494,"url":"https:\/\/aluscreen.be\/wp-content\/uploads\/2022\/09\/koper-gravure2-scaled.jpg","type":"image\/jpeg"}],"twitter_card":"summary_large_image","twitter_misc":{"Dur\u00e9e de lecture est.":"4 minutes"},"schema":{"@context":"https:\/\/schema.org","@graph":[{"@type":"WebPage","@id":"https:\/\/aluscreen.be\/fr\/produits\/plaques-en-laiton\/","url":"https:\/\/aluscreen.be\/fr\/produits\/plaques-en-laiton\/","name":"Plaques en laiton - Aluscreen","isPartOf":{"@id":"https:\/\/aluscreen.be\/fr\/#website"},"primaryImageOfPage":{"@id":"https:\/\/aluscreen.be\/fr\/produits\/plaques-en-laiton\/#primaryimage"},"image":{"@id":"https:\/\/aluscreen.be\/fr\/produits\/plaques-en-laiton\/#primaryimage"},"thumbnailUrl":"https:\/\/aluscreen.be\/wp-content\/uploads\/2022\/09\/koper-gravure2-scaled.jpg","datePublished":"2022-09-28T13:09:25+00:00","dateModified":"2026-03-05T13:18:44+00:00","description":"Les plaques en laiton ont un aspect caract\u00e9ristique gr\u00e2ce \u00e0 leur couleur brun bronze. Le texte est grav\u00e9. Intemporel et \u00e9l\u00e9gant.","breadcrumb":{"@id":"https:\/\/aluscreen.be\/fr\/produits\/plaques-en-laiton\/#breadcrumb"},"inLanguage":"fr-BE","potentialAction":[{"@type":"ReadAction","target":["https:\/\/aluscreen.be\/fr\/produits\/plaques-en-laiton\/"]}]},{"@type":"ImageObject","inLanguage":"fr-BE","@id":"https:\/\/aluscreen.be\/fr\/produits\/plaques-en-laiton\/#primaryimage","url":"https:\/\/aluscreen.be\/wp-content\/uploads\/2022\/09\/koper-gravure2-scaled.jpg","contentUrl":"https:\/\/aluscreen.be\/wp-content\/uploads\/2022\/09\/koper-gravure2-scaled.jpg","width":2560,"height":1494,"caption":"Naamplaat - Frezen\/Graveren"},{"@type":"BreadcrumbList","@id":"https:\/\/aluscreen.be\/fr\/produits\/plaques-en-laiton\/#breadcrumb","itemListElement":[{"@type":"ListItem","position":1,"name":"Home","item":"https:\/\/aluscreen.be\/fr\/home\/"},{"@type":"ListItem","position":2,"name":"Plaques en laiton"}]},{"@type":"WebSite","@id":"https:\/\/aluscreen.be\/fr\/#website","url":"https:\/\/aluscreen.be\/fr\/","name":"Aluscreen","description":"A lasting impression","publisher":{"@id":"https:\/\/aluscreen.be\/fr\/#organization"},"potentialAction":[{"@type":"SearchAction","target":{"@type":"EntryPoint","urlTemplate":"https:\/\/aluscreen.be\/fr\/?s={search_term_string}"},"query-input":{"@type":"PropertyValueSpecification","valueRequired":true,"valueName":"search_term_string"}}],"inLanguage":"fr-BE"},{"@type":"Organization","@id":"https:\/\/aluscreen.be\/fr\/#organization","name":"Aluscreen","url":"https:\/\/aluscreen.be\/fr\/","logo":{"@type":"ImageObject","inLanguage":"fr-BE","@id":"https:\/\/aluscreen.be\/fr\/#\/schema\/logo\/image\/","url":"https:\/\/www.aluscreen.be\/wp-content\/uploads\/2022\/02\/Aluscreen-logo-single-kleur-1.png","contentUrl":"https:\/\/www.aluscreen.be\/wp-content\/uploads\/2022\/02\/Aluscreen-logo-single-kleur-1.png","width":1500,"height":284,"caption":"Aluscreen"},"image":{"@id":"https:\/\/aluscreen.be\/fr\/#\/schema\/logo\/image\/"},"sameAs":["https:\/\/www.facebook.com\/aluscreen.be","https:\/\/www.instagram.com\/aluscreen","https:\/\/www.linkedin.com\/company\/aluscreen-bvba\/about\/"]}]}},"_links":{"self":[{"href":"https:\/\/aluscreen.be\/fr\/wp-json\/wp\/v2\/product\/6945","targetHints":{"allow":["GET"]}}],"collection":[{"href":"https:\/\/aluscreen.be\/fr\/wp-json\/wp\/v2\/product"}],"about":[{"href":"https:\/\/aluscreen.be\/fr\/wp-json\/wp\/v2\/types\/product"}],"version-history":[{"count":5,"href":"https:\/\/aluscreen.be\/fr\/wp-json\/wp\/v2\/product\/6945\/revisions"}],"predecessor-version":[{"id":8024,"href":"https:\/\/aluscreen.be\/fr\/wp-json\/wp\/v2\/product\/6945\/revisions\/8024"}],"wp:featuredmedia":[{"embeddable":true,"href":"https:\/\/aluscreen.be\/fr\/wp-json\/wp\/v2\/media\/5151"}],"wp:attachment":[{"href":"https:\/\/aluscreen.be\/fr\/wp-json\/wp\/v2\/media?parent=6945"}],"wp:term":[{"taxonomy":"product_tag","embeddable":true,"href":"https:\/\/aluscreen.be\/fr\/wp-json\/wp\/v2\/product_tag?post=6945"}],"curies":[{"name":"wp","href":"https:\/\/api.w.org\/{rel}","templated":true}]}}