{"id":6942,"date":"2023-04-05T13:31:35","date_gmt":"2023-04-05T11:31:35","guid":{"rendered":"https:\/\/aluscreen.be\/product\/ce-typeplaten-uit-aluminium-newdesign\/"},"modified":"2026-03-05T15:17:25","modified_gmt":"2026-03-05T13:17:25","slug":"plaques-signaletiques-ce-en-aluminium","status":"publish","type":"product","link":"https:\/\/aluscreen.be\/fr\/produits\/plaques-signaletiques-ce-en-aluminium\/","title":{"rendered":"Plaques signal\u00e9tiques CE en aluminium"},"featured_media":3977,"template":"","product_tag":[33],"class_list":["post-6942","product","type-product","status-publish","has-post-thumbnail","hentry","product_tag-industrie"],"acf":[],"yoast_head":"<!-- This site is optimized with the Yoast SEO plugin v27.3 - https:\/\/yoast.com\/product\/yoast-seo-wordpress\/ -->\n<title>Plaques signal\u00e9tiques CE en aluminium - Aluscreen<\/title>\n<meta name=\"description\" content=\"Nos plaques signal\u00e9tiques CE en aluminium sont r\u00e9sistantes \u00e0 l&#039;usure. Notre proc\u00e9d\u00e9 peut \u00eatre compar\u00e9 \u00e0 un tatouage, o\u00f9 l&#039;encre est appliqu\u00e9e dans la peau.\" \/>\n<meta name=\"robots\" content=\"index, follow, max-snippet:-1, max-image-preview:large, max-video-preview:-1\" \/>\n<link rel=\"canonical\" href=\"https:\/\/aluscreen.be\/fr\/produits\/plaques-signaletiques-ce-en-aluminium\/\" \/>\n<meta property=\"og:locale\" content=\"fr_FR\" \/>\n<meta property=\"og:type\" content=\"article\" \/>\n<meta property=\"og:title\" content=\"Plaques signal\u00e9tiques CE en aluminium - Aluscreen\" \/>\n<meta property=\"og:description\" content=\"Nos plaques signal\u00e9tiques CE en aluminium sont r\u00e9sistantes \u00e0 l&#039;usure. Notre proc\u00e9d\u00e9 peut \u00eatre compar\u00e9 \u00e0 un tatouage, o\u00f9 l&#039;encre est appliqu\u00e9e dans la peau.\" \/>\n<meta property=\"og:url\" content=\"https:\/\/aluscreen.be\/fr\/produits\/plaques-signaletiques-ce-en-aluminium\/\" \/>\n<meta property=\"og:site_name\" content=\"Aluscreen\" \/>\n<meta property=\"article:publisher\" content=\"https:\/\/www.facebook.com\/aluscreen.be\" \/>\n<meta property=\"article:modified_time\" content=\"2026-03-05T13:17:25+00:00\" \/>\n<meta property=\"og:image\" content=\"https:\/\/aluscreen.be\/wp-content\/uploads\/2022\/05\/typeplaat-alu-1-scaled.jpg\" \/>\n\t<meta property=\"og:image:width\" content=\"2560\" \/>\n\t<meta property=\"og:image:height\" content=\"1839\" \/>\n\t<meta property=\"og:image:type\" content=\"image\/jpeg\" \/>\n<meta name=\"twitter:card\" content=\"summary_large_image\" \/>\n<meta name=\"twitter:label1\" content=\"Dur\u00e9e de lecture est.\" \/>\n\t<meta name=\"twitter:data1\" content=\"6 minutes\" \/>\n<script type=\"application\/ld+json\" class=\"yoast-schema-graph\">{\"@context\":\"https:\\\/\\\/schema.org\",\"@graph\":[{\"@type\":\"WebPage\",\"@id\":\"https:\\\/\\\/aluscreen.be\\\/fr\\\/produits\\\/plaques-signaletiques-ce-en-aluminium\\\/\",\"url\":\"https:\\\/\\\/aluscreen.be\\\/fr\\\/produits\\\/plaques-signaletiques-ce-en-aluminium\\\/\",\"name\":\"Plaques signal\u00e9tiques CE en aluminium - Aluscreen\",\"isPartOf\":{\"@id\":\"https:\\\/\\\/aluscreen.be\\\/fr\\\/#website\"},\"primaryImageOfPage\":{\"@id\":\"https:\\\/\\\/aluscreen.be\\\/fr\\\/produits\\\/plaques-signaletiques-ce-en-aluminium\\\/#primaryimage\"},\"image\":{\"@id\":\"https:\\\/\\\/aluscreen.be\\\/fr\\\/produits\\\/plaques-signaletiques-ce-en-aluminium\\\/#primaryimage\"},\"thumbnailUrl\":\"https:\\\/\\\/aluscreen.be\\\/wp-content\\\/uploads\\\/2022\\\/05\\\/typeplaat-alu-1-scaled.jpg\",\"datePublished\":\"2023-04-05T11:31:35+00:00\",\"dateModified\":\"2026-03-05T13:17:25+00:00\",\"description\":\"Nos plaques signal\u00e9tiques CE en aluminium sont r\u00e9sistantes \u00e0 l'usure. Notre proc\u00e9d\u00e9 peut \u00eatre compar\u00e9 \u00e0 un tatouage, o\u00f9 l'encre est appliqu\u00e9e dans la peau.\",\"breadcrumb\":{\"@id\":\"https:\\\/\\\/aluscreen.be\\\/fr\\\/produits\\\/plaques-signaletiques-ce-en-aluminium\\\/#breadcrumb\"},\"inLanguage\":\"fr-BE\",\"potentialAction\":[{\"@type\":\"ReadAction\",\"target\":[\"https:\\\/\\\/aluscreen.be\\\/fr\\\/produits\\\/plaques-signaletiques-ce-en-aluminium\\\/\"]}]},{\"@type\":\"ImageObject\",\"inLanguage\":\"fr-BE\",\"@id\":\"https:\\\/\\\/aluscreen.be\\\/fr\\\/produits\\\/plaques-signaletiques-ce-en-aluminium\\\/#primaryimage\",\"url\":\"https:\\\/\\\/aluscreen.be\\\/wp-content\\\/uploads\\\/2022\\\/05\\\/typeplaat-alu-1-scaled.jpg\",\"contentUrl\":\"https:\\\/\\\/aluscreen.be\\\/wp-content\\\/uploads\\\/2022\\\/05\\\/typeplaat-alu-1-scaled.jpg\",\"width\":2560,\"height\":1839,\"caption\":\"Aluminium - CE Typeplaat - Frezen\\\/Graveren - Fencing\"},{\"@type\":\"BreadcrumbList\",\"@id\":\"https:\\\/\\\/aluscreen.be\\\/fr\\\/produits\\\/plaques-signaletiques-ce-en-aluminium\\\/#breadcrumb\",\"itemListElement\":[{\"@type\":\"ListItem\",\"position\":1,\"name\":\"Home\",\"item\":\"https:\\\/\\\/aluscreen.be\\\/fr\\\/home\\\/\"},{\"@type\":\"ListItem\",\"position\":2,\"name\":\"Plaques signal\u00e9tiques CE en aluminium\"}]},{\"@type\":\"WebSite\",\"@id\":\"https:\\\/\\\/aluscreen.be\\\/fr\\\/#website\",\"url\":\"https:\\\/\\\/aluscreen.be\\\/fr\\\/\",\"name\":\"Aluscreen\",\"description\":\"A lasting impression\",\"publisher\":{\"@id\":\"https:\\\/\\\/aluscreen.be\\\/fr\\\/#organization\"},\"potentialAction\":[{\"@type\":\"SearchAction\",\"target\":{\"@type\":\"EntryPoint\",\"urlTemplate\":\"https:\\\/\\\/aluscreen.be\\\/fr\\\/?s={search_term_string}\"},\"query-input\":{\"@type\":\"PropertyValueSpecification\",\"valueRequired\":true,\"valueName\":\"search_term_string\"}}],\"inLanguage\":\"fr-BE\"},{\"@type\":\"Organization\",\"@id\":\"https:\\\/\\\/aluscreen.be\\\/fr\\\/#organization\",\"name\":\"Aluscreen\",\"url\":\"https:\\\/\\\/aluscreen.be\\\/fr\\\/\",\"logo\":{\"@type\":\"ImageObject\",\"inLanguage\":\"fr-BE\",\"@id\":\"https:\\\/\\\/aluscreen.be\\\/fr\\\/#\\\/schema\\\/logo\\\/image\\\/\",\"url\":\"https:\\\/\\\/www.aluscreen.be\\\/wp-content\\\/uploads\\\/2022\\\/02\\\/Aluscreen-logo-single-kleur-1.png\",\"contentUrl\":\"https:\\\/\\\/www.aluscreen.be\\\/wp-content\\\/uploads\\\/2022\\\/02\\\/Aluscreen-logo-single-kleur-1.png\",\"width\":1500,\"height\":284,\"caption\":\"Aluscreen\"},\"image\":{\"@id\":\"https:\\\/\\\/aluscreen.be\\\/fr\\\/#\\\/schema\\\/logo\\\/image\\\/\"},\"sameAs\":[\"https:\\\/\\\/www.facebook.com\\\/aluscreen.be\",\"https:\\\/\\\/www.instagram.com\\\/aluscreen\",\"https:\\\/\\\/www.linkedin.com\\\/company\\\/aluscreen-bvba\\\/about\\\/\"]}]}<\/script>\n<!-- \/ Yoast SEO plugin. -->","yoast_head_json":{"title":"Plaques signal\u00e9tiques CE en aluminium - Aluscreen","description":"Nos plaques signal\u00e9tiques CE en aluminium sont r\u00e9sistantes \u00e0 l'usure. Notre proc\u00e9d\u00e9 peut \u00eatre compar\u00e9 \u00e0 un tatouage, o\u00f9 l'encre est appliqu\u00e9e dans la peau.","robots":{"index":"index","follow":"follow","max-snippet":"max-snippet:-1","max-image-preview":"max-image-preview:large","max-video-preview":"max-video-preview:-1"},"canonical":"https:\/\/aluscreen.be\/fr\/produits\/plaques-signaletiques-ce-en-aluminium\/","og_locale":"fr_FR","og_type":"article","og_title":"Plaques signal\u00e9tiques CE en aluminium - Aluscreen","og_description":"Nos plaques signal\u00e9tiques CE en aluminium sont r\u00e9sistantes \u00e0 l'usure. Notre proc\u00e9d\u00e9 peut \u00eatre compar\u00e9 \u00e0 un tatouage, o\u00f9 l'encre est appliqu\u00e9e dans la peau.","og_url":"https:\/\/aluscreen.be\/fr\/produits\/plaques-signaletiques-ce-en-aluminium\/","og_site_name":"Aluscreen","article_publisher":"https:\/\/www.facebook.com\/aluscreen.be","article_modified_time":"2026-03-05T13:17:25+00:00","og_image":[{"width":2560,"height":1839,"url":"https:\/\/aluscreen.be\/wp-content\/uploads\/2022\/05\/typeplaat-alu-1-scaled.jpg","type":"image\/jpeg"}],"twitter_card":"summary_large_image","twitter_misc":{"Dur\u00e9e de lecture est.":"6 minutes"},"schema":{"@context":"https:\/\/schema.org","@graph":[{"@type":"WebPage","@id":"https:\/\/aluscreen.be\/fr\/produits\/plaques-signaletiques-ce-en-aluminium\/","url":"https:\/\/aluscreen.be\/fr\/produits\/plaques-signaletiques-ce-en-aluminium\/","name":"Plaques signal\u00e9tiques CE en aluminium - Aluscreen","isPartOf":{"@id":"https:\/\/aluscreen.be\/fr\/#website"},"primaryImageOfPage":{"@id":"https:\/\/aluscreen.be\/fr\/produits\/plaques-signaletiques-ce-en-aluminium\/#primaryimage"},"image":{"@id":"https:\/\/aluscreen.be\/fr\/produits\/plaques-signaletiques-ce-en-aluminium\/#primaryimage"},"thumbnailUrl":"https:\/\/aluscreen.be\/wp-content\/uploads\/2022\/05\/typeplaat-alu-1-scaled.jpg","datePublished":"2023-04-05T11:31:35+00:00","dateModified":"2026-03-05T13:17:25+00:00","description":"Nos plaques signal\u00e9tiques CE en aluminium sont r\u00e9sistantes \u00e0 l'usure. Notre proc\u00e9d\u00e9 peut \u00eatre compar\u00e9 \u00e0 un tatouage, o\u00f9 l'encre est appliqu\u00e9e dans la peau.","breadcrumb":{"@id":"https:\/\/aluscreen.be\/fr\/produits\/plaques-signaletiques-ce-en-aluminium\/#breadcrumb"},"inLanguage":"fr-BE","potentialAction":[{"@type":"ReadAction","target":["https:\/\/aluscreen.be\/fr\/produits\/plaques-signaletiques-ce-en-aluminium\/"]}]},{"@type":"ImageObject","inLanguage":"fr-BE","@id":"https:\/\/aluscreen.be\/fr\/produits\/plaques-signaletiques-ce-en-aluminium\/#primaryimage","url":"https:\/\/aluscreen.be\/wp-content\/uploads\/2022\/05\/typeplaat-alu-1-scaled.jpg","contentUrl":"https:\/\/aluscreen.be\/wp-content\/uploads\/2022\/05\/typeplaat-alu-1-scaled.jpg","width":2560,"height":1839,"caption":"Aluminium - CE Typeplaat - Frezen\/Graveren - Fencing"},{"@type":"BreadcrumbList","@id":"https:\/\/aluscreen.be\/fr\/produits\/plaques-signaletiques-ce-en-aluminium\/#breadcrumb","itemListElement":[{"@type":"ListItem","position":1,"name":"Home","item":"https:\/\/aluscreen.be\/fr\/home\/"},{"@type":"ListItem","position":2,"name":"Plaques signal\u00e9tiques CE en aluminium"}]},{"@type":"WebSite","@id":"https:\/\/aluscreen.be\/fr\/#website","url":"https:\/\/aluscreen.be\/fr\/","name":"Aluscreen","description":"A lasting impression","publisher":{"@id":"https:\/\/aluscreen.be\/fr\/#organization"},"potentialAction":[{"@type":"SearchAction","target":{"@type":"EntryPoint","urlTemplate":"https:\/\/aluscreen.be\/fr\/?s={search_term_string}"},"query-input":{"@type":"PropertyValueSpecification","valueRequired":true,"valueName":"search_term_string"}}],"inLanguage":"fr-BE"},{"@type":"Organization","@id":"https:\/\/aluscreen.be\/fr\/#organization","name":"Aluscreen","url":"https:\/\/aluscreen.be\/fr\/","logo":{"@type":"ImageObject","inLanguage":"fr-BE","@id":"https:\/\/aluscreen.be\/fr\/#\/schema\/logo\/image\/","url":"https:\/\/www.aluscreen.be\/wp-content\/uploads\/2022\/02\/Aluscreen-logo-single-kleur-1.png","contentUrl":"https:\/\/www.aluscreen.be\/wp-content\/uploads\/2022\/02\/Aluscreen-logo-single-kleur-1.png","width":1500,"height":284,"caption":"Aluscreen"},"image":{"@id":"https:\/\/aluscreen.be\/fr\/#\/schema\/logo\/image\/"},"sameAs":["https:\/\/www.facebook.com\/aluscreen.be","https:\/\/www.instagram.com\/aluscreen","https:\/\/www.linkedin.com\/company\/aluscreen-bvba\/about\/"]}]}},"_links":{"self":[{"href":"https:\/\/aluscreen.be\/fr\/wp-json\/wp\/v2\/product\/6942","targetHints":{"allow":["GET"]}}],"collection":[{"href":"https:\/\/aluscreen.be\/fr\/wp-json\/wp\/v2\/product"}],"about":[{"href":"https:\/\/aluscreen.be\/fr\/wp-json\/wp\/v2\/types\/product"}],"version-history":[{"count":5,"href":"https:\/\/aluscreen.be\/fr\/wp-json\/wp\/v2\/product\/6942\/revisions"}],"predecessor-version":[{"id":8023,"href":"https:\/\/aluscreen.be\/fr\/wp-json\/wp\/v2\/product\/6942\/revisions\/8023"}],"wp:featuredmedia":[{"embeddable":true,"href":"https:\/\/aluscreen.be\/fr\/wp-json\/wp\/v2\/media\/3977"}],"wp:attachment":[{"href":"https:\/\/aluscreen.be\/fr\/wp-json\/wp\/v2\/media?parent=6942"}],"wp:term":[{"taxonomy":"product_tag","embeddable":true,"href":"https:\/\/aluscreen.be\/fr\/wp-json\/wp\/v2\/product_tag?post=6942"}],"curies":[{"name":"wp","href":"https:\/\/api.w.org\/{rel}","templated":true}]}}