{"id":6814,"date":"2022-01-31T21:29:14","date_gmt":"2022-01-31T19:29:14","guid":{"rendered":"https:\/\/aluscreen.be\/digitaal-printen\/"},"modified":"2026-02-16T16:43:29","modified_gmt":"2026-02-16T14:43:29","slug":"impression-numerique","status":"publish","type":"page","link":"https:\/\/aluscreen.be\/fr\/impression-numerique\/","title":{"rendered":"Imprimer"},"content":{"rendered":"","protected":false},"excerpt":{"rendered":"","protected":false},"author":1,"featured_media":0,"parent":6864,"menu_order":0,"comment_status":"closed","ping_status":"closed","template":"","meta":{"_acf_changed":false,"content-type":"","inline_featured_image":false,"footnotes":""},"class_list":["post-6814","page","type-page","status-publish","hentry"],"acf":[],"yoast_head":"<!-- This site is optimized with the Yoast SEO plugin v27.3 - https:\/\/yoast.com\/product\/yoast-seo-wordpress\/ -->\n<title>Impression num\u00e9rique? La meilleure qualit\u00e9 chez Aluscreen<\/title>\n<meta name=\"description\" content=\"L&#039;impression industrielle est un proc\u00e9d\u00e9 durable qui permet d&#039;imprimer sur la couche d&#039;anodisation de l&#039;aluminium.\" \/>\n<meta name=\"robots\" content=\"index, follow, max-snippet:-1, max-image-preview:large, max-video-preview:-1\" \/>\n<link rel=\"canonical\" href=\"https:\/\/aluscreen.be\/fr\/impression-numerique\/\" \/>\n<meta property=\"og:locale\" content=\"fr_FR\" \/>\n<meta property=\"og:type\" content=\"article\" \/>\n<meta property=\"og:title\" content=\"Impression num\u00e9rique? La meilleure qualit\u00e9 chez Aluscreen\" \/>\n<meta property=\"og:description\" content=\"L&#039;impression industrielle est un proc\u00e9d\u00e9 durable qui permet d&#039;imprimer sur la couche d&#039;anodisation de l&#039;aluminium.\" \/>\n<meta property=\"og:url\" content=\"https:\/\/aluscreen.be\/fr\/impression-numerique\/\" \/>\n<meta property=\"og:site_name\" content=\"Aluscreen\" \/>\n<meta property=\"article:publisher\" content=\"https:\/\/www.facebook.com\/aluscreen.be\" \/>\n<meta property=\"article:modified_time\" content=\"2026-02-16T14:43:29+00:00\" \/>\n<meta name=\"twitter:card\" content=\"summary_large_image\" \/>\n<meta name=\"twitter:label1\" content=\"Dur\u00e9e de lecture est.\" \/>\n\t<meta name=\"twitter:data1\" content=\"7 minutes\" \/>\n<script type=\"application\/ld+json\" class=\"yoast-schema-graph\">{\"@context\":\"https:\\\/\\\/schema.org\",\"@graph\":[{\"@type\":\"WebPage\",\"@id\":\"https:\\\/\\\/aluscreen.be\\\/fr\\\/impression-numerique\\\/\",\"url\":\"https:\\\/\\\/aluscreen.be\\\/fr\\\/impression-numerique\\\/\",\"name\":\"Impression num\u00e9rique? La meilleure qualit\u00e9 chez Aluscreen\",\"isPartOf\":{\"@id\":\"https:\\\/\\\/aluscreen.be\\\/fr\\\/#website\"},\"datePublished\":\"2022-01-31T19:29:14+00:00\",\"dateModified\":\"2026-02-16T14:43:29+00:00\",\"description\":\"L'impression industrielle est un proc\u00e9d\u00e9 durable qui permet d'imprimer sur la couche d'anodisation de l'aluminium.\",\"breadcrumb\":{\"@id\":\"https:\\\/\\\/aluscreen.be\\\/fr\\\/impression-numerique\\\/#breadcrumb\"},\"inLanguage\":\"fr-BE\",\"potentialAction\":[{\"@type\":\"ReadAction\",\"target\":[\"https:\\\/\\\/aluscreen.be\\\/fr\\\/impression-numerique\\\/\"]}]},{\"@type\":\"BreadcrumbList\",\"@id\":\"https:\\\/\\\/aluscreen.be\\\/fr\\\/impression-numerique\\\/#breadcrumb\",\"itemListElement\":[{\"@type\":\"ListItem\",\"position\":1,\"name\":\"Home\",\"item\":\"https:\\\/\\\/aluscreen.be\\\/fr\\\/home\\\/\"},{\"@type\":\"ListItem\",\"position\":2,\"name\":\"Techniques\",\"item\":\"https:\\\/\\\/aluscreen.be\\\/fr\\\/techniques\\\/\"},{\"@type\":\"ListItem\",\"position\":3,\"name\":\"Imprimer\"}]},{\"@type\":\"WebSite\",\"@id\":\"https:\\\/\\\/aluscreen.be\\\/fr\\\/#website\",\"url\":\"https:\\\/\\\/aluscreen.be\\\/fr\\\/\",\"name\":\"Aluscreen\",\"description\":\"A lasting impression\",\"publisher\":{\"@id\":\"https:\\\/\\\/aluscreen.be\\\/fr\\\/#organization\"},\"potentialAction\":[{\"@type\":\"SearchAction\",\"target\":{\"@type\":\"EntryPoint\",\"urlTemplate\":\"https:\\\/\\\/aluscreen.be\\\/fr\\\/?s={search_term_string}\"},\"query-input\":{\"@type\":\"PropertyValueSpecification\",\"valueRequired\":true,\"valueName\":\"search_term_string\"}}],\"inLanguage\":\"fr-BE\"},{\"@type\":\"Organization\",\"@id\":\"https:\\\/\\\/aluscreen.be\\\/fr\\\/#organization\",\"name\":\"Aluscreen\",\"url\":\"https:\\\/\\\/aluscreen.be\\\/fr\\\/\",\"logo\":{\"@type\":\"ImageObject\",\"inLanguage\":\"fr-BE\",\"@id\":\"https:\\\/\\\/aluscreen.be\\\/fr\\\/#\\\/schema\\\/logo\\\/image\\\/\",\"url\":\"https:\\\/\\\/www.aluscreen.be\\\/wp-content\\\/uploads\\\/2022\\\/02\\\/Aluscreen-logo-single-kleur-1.png\",\"contentUrl\":\"https:\\\/\\\/www.aluscreen.be\\\/wp-content\\\/uploads\\\/2022\\\/02\\\/Aluscreen-logo-single-kleur-1.png\",\"width\":1500,\"height\":284,\"caption\":\"Aluscreen\"},\"image\":{\"@id\":\"https:\\\/\\\/aluscreen.be\\\/fr\\\/#\\\/schema\\\/logo\\\/image\\\/\"},\"sameAs\":[\"https:\\\/\\\/www.facebook.com\\\/aluscreen.be\",\"https:\\\/\\\/www.instagram.com\\\/aluscreen\",\"https:\\\/\\\/www.linkedin.com\\\/company\\\/aluscreen-bvba\\\/about\\\/\"]}]}<\/script>\n<!-- \/ Yoast SEO plugin. -->","yoast_head_json":{"title":"Impression num\u00e9rique? La meilleure qualit\u00e9 chez Aluscreen","description":"L'impression industrielle est un proc\u00e9d\u00e9 durable qui permet d'imprimer sur la couche d'anodisation de l'aluminium.","robots":{"index":"index","follow":"follow","max-snippet":"max-snippet:-1","max-image-preview":"max-image-preview:large","max-video-preview":"max-video-preview:-1"},"canonical":"https:\/\/aluscreen.be\/fr\/impression-numerique\/","og_locale":"fr_FR","og_type":"article","og_title":"Impression num\u00e9rique? La meilleure qualit\u00e9 chez Aluscreen","og_description":"L'impression industrielle est un proc\u00e9d\u00e9 durable qui permet d'imprimer sur la couche d'anodisation de l'aluminium.","og_url":"https:\/\/aluscreen.be\/fr\/impression-numerique\/","og_site_name":"Aluscreen","article_publisher":"https:\/\/www.facebook.com\/aluscreen.be","article_modified_time":"2026-02-16T14:43:29+00:00","twitter_card":"summary_large_image","twitter_misc":{"Dur\u00e9e de lecture est.":"7 minutes"},"schema":{"@context":"https:\/\/schema.org","@graph":[{"@type":"WebPage","@id":"https:\/\/aluscreen.be\/fr\/impression-numerique\/","url":"https:\/\/aluscreen.be\/fr\/impression-numerique\/","name":"Impression num\u00e9rique? La meilleure qualit\u00e9 chez Aluscreen","isPartOf":{"@id":"https:\/\/aluscreen.be\/fr\/#website"},"datePublished":"2022-01-31T19:29:14+00:00","dateModified":"2026-02-16T14:43:29+00:00","description":"L'impression industrielle est un proc\u00e9d\u00e9 durable qui permet d'imprimer sur la couche d'anodisation de l'aluminium.","breadcrumb":{"@id":"https:\/\/aluscreen.be\/fr\/impression-numerique\/#breadcrumb"},"inLanguage":"fr-BE","potentialAction":[{"@type":"ReadAction","target":["https:\/\/aluscreen.be\/fr\/impression-numerique\/"]}]},{"@type":"BreadcrumbList","@id":"https:\/\/aluscreen.be\/fr\/impression-numerique\/#breadcrumb","itemListElement":[{"@type":"ListItem","position":1,"name":"Home","item":"https:\/\/aluscreen.be\/fr\/home\/"},{"@type":"ListItem","position":2,"name":"Techniques","item":"https:\/\/aluscreen.be\/fr\/techniques\/"},{"@type":"ListItem","position":3,"name":"Imprimer"}]},{"@type":"WebSite","@id":"https:\/\/aluscreen.be\/fr\/#website","url":"https:\/\/aluscreen.be\/fr\/","name":"Aluscreen","description":"A lasting impression","publisher":{"@id":"https:\/\/aluscreen.be\/fr\/#organization"},"potentialAction":[{"@type":"SearchAction","target":{"@type":"EntryPoint","urlTemplate":"https:\/\/aluscreen.be\/fr\/?s={search_term_string}"},"query-input":{"@type":"PropertyValueSpecification","valueRequired":true,"valueName":"search_term_string"}}],"inLanguage":"fr-BE"},{"@type":"Organization","@id":"https:\/\/aluscreen.be\/fr\/#organization","name":"Aluscreen","url":"https:\/\/aluscreen.be\/fr\/","logo":{"@type":"ImageObject","inLanguage":"fr-BE","@id":"https:\/\/aluscreen.be\/fr\/#\/schema\/logo\/image\/","url":"https:\/\/www.aluscreen.be\/wp-content\/uploads\/2022\/02\/Aluscreen-logo-single-kleur-1.png","contentUrl":"https:\/\/www.aluscreen.be\/wp-content\/uploads\/2022\/02\/Aluscreen-logo-single-kleur-1.png","width":1500,"height":284,"caption":"Aluscreen"},"image":{"@id":"https:\/\/aluscreen.be\/fr\/#\/schema\/logo\/image\/"},"sameAs":["https:\/\/www.facebook.com\/aluscreen.be","https:\/\/www.instagram.com\/aluscreen","https:\/\/www.linkedin.com\/company\/aluscreen-bvba\/about\/"]}]}},"_links":{"self":[{"href":"https:\/\/aluscreen.be\/fr\/wp-json\/wp\/v2\/pages\/6814","targetHints":{"allow":["GET"]}}],"collection":[{"href":"https:\/\/aluscreen.be\/fr\/wp-json\/wp\/v2\/pages"}],"about":[{"href":"https:\/\/aluscreen.be\/fr\/wp-json\/wp\/v2\/types\/page"}],"author":[{"embeddable":true,"href":"https:\/\/aluscreen.be\/fr\/wp-json\/wp\/v2\/users\/1"}],"replies":[{"embeddable":true,"href":"https:\/\/aluscreen.be\/fr\/wp-json\/wp\/v2\/comments?post=6814"}],"version-history":[{"count":6,"href":"https:\/\/aluscreen.be\/fr\/wp-json\/wp\/v2\/pages\/6814\/revisions"}],"predecessor-version":[{"id":7455,"href":"https:\/\/aluscreen.be\/fr\/wp-json\/wp\/v2\/pages\/6814\/revisions\/7455"}],"up":[{"embeddable":true,"href":"https:\/\/aluscreen.be\/fr\/wp-json\/wp\/v2\/pages\/6864"}],"wp:attachment":[{"href":"https:\/\/aluscreen.be\/fr\/wp-json\/wp\/v2\/media?parent=6814"}],"curies":[{"name":"wp","href":"https:\/\/api.w.org\/{rel}","templated":true}]}}